{"id":5349,"date":"2026-03-24T23:04:01","date_gmt":"2026-03-24T22:04:01","guid":{"rendered":"https:\/\/gruposubligrafik.com\/?post_type=product&#038;p=5349"},"modified":"2026-03-27T17:27:05","modified_gmt":"2026-03-27T16:27:05","slug":"shiny-s-836","status":"publish","type":"product","link":"https:\/\/gruposubligrafik.com\/?product=shiny-s-836","title":{"rendered":"SHINY S-836"},"content":{"rendered":"<p>El S-836 cuenta con un \u00e1rea de impresi\u00f3n de 45 \u00d7 30 mm, ideal para aplicaciones de tama\u00f1o medio.<\/p>\n<p>\u2714 \u00c1rea de impresi\u00f3n: 45 \u00d7 30 mm<br \/>\n\u2714 Dise\u00f1o robusto<br \/>\n\u2714 Uso continuo<\/p>\n","protected":false},"excerpt":{"rendered":"<p>Sello autom\u00e1tico de 45 \u00d7 30 mm con dise\u00f1o equilibrado y estructura s\u00f3lida.<\/p>\n","protected":false},"featured_media":5350,"comment_status":"open","ping_status":"closed","template":"","meta":[],"product_brand":[279],"product_cat":[111,112,294],"product_tag":[337,335,326,336],"class_list":{"0":"post-5349","1":"product","2":"type-product","3":"status-publish","4":"has-post-thumbnail","6":"product_brand-shiny","7":"product_cat-sellos","8":"product_cat-automaticos","9":"product_cat-sellos-shiny","10":"product_tag-alta","11":"product_tag-sello-formato-amplio","12":"product_tag-sello-grande","13":"product_tag-sello-profesional-grande","14":"pa_tamanos-de-sellos-6x12-mm","15":"pa_tamanos-de-sellos-8x15-mm","16":"pa_tamanos-de-sellos-10x45-mm","17":"pa_tamanos-de-sellos-10x30-mm","18":"pa_tamanos-de-sellos-10x70-mm","19":"pa_tamanos-de-sellos-10x26-mm","20":"pa_tamanos-de-sellos-12x12-mm","21":"pa_tamanos-de-sellos-12-mm","22":"pa_tamanos-de-sellos-13x54-mm","23":"pa_tamanos-de-sellos-14x38-mm","24":"pa_tamanos-de-sellos-15x75-mm","25":"pa_tamanos-de-sellos-15x15-mm","26":"pa_tamanos-de-sellos-17-mm","27":"pa_tamanos-de-sellos-18x47-mm","28":"pa_tamanos-de-sellos-20-mm","29":"pa_tamanos-de-sellos-20x30-mm","30":"pa_tamanos-de-sellos-20x20-mm","31":"pa_tamanos-de-sellos-22x58-mm","32":"pa_tamanos-de-sellos-24-mm","33":"pa_tamanos-de-sellos-24x41-mm","34":"pa_tamanos-de-sellos-24x24-mm","35":"pa_tamanos-de-sellos-25x70-mm","36":"pa_tamanos-de-sellos-25-mm","37":"pa_tamanos-de-sellos-25x82-mm","38":"pa_tamanos-de-sellos-27x65-mm","39":"pa_tamanos-de-sellos-30x65-mm","40":"pa_tamanos-de-sellos-30x45-mm","41":"pa_tamanos-de-sellos-30x50-mm","42":"pa_tamanos-de-sellos-31x35-mm","43":"pa_tamanos-de-sellos-32x32-mm","44":"pa_tamanos-de-sellos-32-mm","45":"pa_tamanos-de-sellos-33x56-mm","46":"pa_tamanos-de-sellos-35x55-mm","47":"pa_tamanos-de-sellos-38x38-mm","48":"pa_tamanos-de-sellos-38x75-mm","49":"pa_tamanos-de-sellos-38-mm","50":"pa_tamanos-de-sellos-40x64-mm","51":"pa_tamanos-de-sellos-40x50-mm","52":"pa_tamanos-de-sellos-41-mm","53":"pa_tamanos-de-sellos-42x42-mm","54":"pa_tamanos-de-sellos-42-mm","55":"pa_tamanos-de-sellos-45x45x45-mm","56":"pa_tamanos-de-sellos-46-mm","57":"pa_tamanos-de-sellos-52-mm","58":"pa_tipos-de-sello-automaticos","60":"first","61":"instock","62":"taxable","63":"shipping-taxable","64":"purchasable","65":"product-type-simple"},"_links":{"self":[{"href":"https:\/\/gruposubligrafik.com\/index.php?rest_route=\/wp\/v2\/product\/5349","targetHints":{"allow":["GET"]}}],"collection":[{"href":"https:\/\/gruposubligrafik.com\/index.php?rest_route=\/wp\/v2\/product"}],"about":[{"href":"https:\/\/gruposubligrafik.com\/index.php?rest_route=\/wp\/v2\/types\/product"}],"replies":[{"embeddable":true,"href":"https:\/\/gruposubligrafik.com\/index.php?rest_route=%2Fwp%2Fv2%2Fcomments&post=5349"}],"version-history":[{"count":1,"href":"https:\/\/gruposubligrafik.com\/index.php?rest_route=\/wp\/v2\/product\/5349\/revisions"}],"predecessor-version":[{"id":5351,"href":"https:\/\/gruposubligrafik.com\/index.php?rest_route=\/wp\/v2\/product\/5349\/revisions\/5351"}],"wp:featuredmedia":[{"embeddable":true,"href":"https:\/\/gruposubligrafik.com\/index.php?rest_route=\/wp\/v2\/media\/5350"}],"wp:attachment":[{"href":"https:\/\/gruposubligrafik.com\/index.php?rest_route=%2Fwp%2Fv2%2Fmedia&parent=5349"}],"wp:term":[{"taxonomy":"product_brand","embeddable":true,"href":"https:\/\/gruposubligrafik.com\/index.php?rest_route=%2Fwp%2Fv2%2Fproduct_brand&post=5349"},{"taxonomy":"product_cat","embeddable":true,"href":"https:\/\/gruposubligrafik.com\/index.php?rest_route=%2Fwp%2Fv2%2Fproduct_cat&post=5349"},{"taxonomy":"product_tag","embeddable":true,"href":"https:\/\/gruposubligrafik.com\/index.php?rest_route=%2Fwp%2Fv2%2Fproduct_tag&post=5349"}],"curies":[{"name":"wp","href":"https:\/\/api.w.org\/{rel}","templated":true}]}}