{"id":5346,"date":"2026-03-24T22:41:36","date_gmt":"2026-03-24T21:41:36","guid":{"rendered":"https:\/\/gruposubligrafik.com\/?post_type=product&#038;p=5346"},"modified":"2026-03-27T17:27:18","modified_gmt":"2026-03-27T16:27:18","slug":"shiny-s-837","status":"publish","type":"product","link":"https:\/\/gruposubligrafik.com\/?product=shiny-s-837","title":{"rendered":"SHINY S-837"},"content":{"rendered":"<p>El modelo S-837 presenta un \u00e1rea de impresi\u00f3n de 49 \u00d7 39 mm, ofreciendo una superficie amplia con excelente estabilidad.<\/p>\n<p>\u2714 \u00c1rea de impresi\u00f3n: 49 \u00d7 39 mm<br \/>\n\u2714 Gran tama\u00f1o<br \/>\n\u2714 Dise\u00f1o s\u00f3lido<br \/>\n\u2714 Uso profesional<\/p>\n","protected":false},"excerpt":{"rendered":"<p>Sello autom\u00e1tico de 49 \u00d7 39 mm con dise\u00f1o robusto y formato amplio.<\/p>\n","protected":false},"featured_media":5347,"comment_status":"open","ping_status":"closed","template":"","meta":[],"product_brand":[279],"product_cat":[111,112,294],"product_tag":[334,332,311,328,333],"class_list":{"0":"post-5346","1":"product","2":"type-product","3":"status-publish","4":"has-post-thumbnail","6":"product_brand-shiny","7":"product_cat-sellos","8":"product_cat-automaticos","9":"product_cat-sellos-shiny","10":"product_tag-sello-autoentintable","11":"product_tag-sello-automatico","12":"product_tag-sello-oficina","13":"product_tag-sello-profesional","14":"product_tag-sello-shiny","15":"pa_tamanos-de-sellos-40x50-mm","16":"pa_tipos-de-sello-automaticos","18":"first","19":"instock","20":"taxable","21":"shipping-taxable","22":"purchasable","23":"product-type-simple"},"_links":{"self":[{"href":"https:\/\/gruposubligrafik.com\/index.php?rest_route=\/wp\/v2\/product\/5346","targetHints":{"allow":["GET"]}}],"collection":[{"href":"https:\/\/gruposubligrafik.com\/index.php?rest_route=\/wp\/v2\/product"}],"about":[{"href":"https:\/\/gruposubligrafik.com\/index.php?rest_route=\/wp\/v2\/types\/product"}],"replies":[{"embeddable":true,"href":"https:\/\/gruposubligrafik.com\/index.php?rest_route=%2Fwp%2Fv2%2Fcomments&post=5346"}],"version-history":[{"count":1,"href":"https:\/\/gruposubligrafik.com\/index.php?rest_route=\/wp\/v2\/product\/5346\/revisions"}],"predecessor-version":[{"id":5348,"href":"https:\/\/gruposubligrafik.com\/index.php?rest_route=\/wp\/v2\/product\/5346\/revisions\/5348"}],"wp:featuredmedia":[{"embeddable":true,"href":"https:\/\/gruposubligrafik.com\/index.php?rest_route=\/wp\/v2\/media\/5347"}],"wp:attachment":[{"href":"https:\/\/gruposubligrafik.com\/index.php?rest_route=%2Fwp%2Fv2%2Fmedia&parent=5346"}],"wp:term":[{"taxonomy":"product_brand","embeddable":true,"href":"https:\/\/gruposubligrafik.com\/index.php?rest_route=%2Fwp%2Fv2%2Fproduct_brand&post=5346"},{"taxonomy":"product_cat","embeddable":true,"href":"https:\/\/gruposubligrafik.com\/index.php?rest_route=%2Fwp%2Fv2%2Fproduct_cat&post=5346"},{"taxonomy":"product_tag","embeddable":true,"href":"https:\/\/gruposubligrafik.com\/index.php?rest_route=%2Fwp%2Fv2%2Fproduct_tag&post=5346"}],"curies":[{"name":"wp","href":"https:\/\/api.w.org\/{rel}","templated":true}]}}