{"id":5305,"date":"2026-03-24T19:45:16","date_gmt":"2026-03-24T18:45:16","guid":{"rendered":"https:\/\/gruposubligrafik.com\/?post_type=product&#038;p=5305"},"modified":"2026-03-27T17:28:51","modified_gmt":"2026-03-27T16:28:51","slug":"sello-de-madera-2x5-cm","status":"publish","type":"product","link":"https:\/\/gruposubligrafik.com\/?product=sello-de-madera-2x5-cm","title":{"rendered":"SELLO DE MADERA 2X5 CM"},"content":{"rendered":"<p>Sello de madera con formato compacto y estructura s\u00f3lida, dise\u00f1ado para un uso pr\u00e1ctico y c\u00f3modo.<\/p>\n<p>Su tama\u00f1o reducido permite un manejo \u00e1gil, mientras que su base firme proporciona estabilidad al momento de aplicar presi\u00f3n.<\/p>\n<p>\u2714 Tama\u00f1o compacto<br \/>\n\u2714 Dise\u00f1o cl\u00e1sico<br \/>\n\u2714 F\u00e1cil manipulaci\u00f3n<br \/>\n\u2714 Estructura resistente<\/p>\n<p>Ideal para espacios de trabajo donde se requiere precisi\u00f3n y comodidad.<\/p>\n","protected":false},"excerpt":{"rendered":"<p>Sello de madera compacto con dise\u00f1o cl\u00e1sico y f\u00e1cil manejo.<\/p>\n","protected":false},"featured_media":5306,"comment_status":"open","ping_status":"closed","template":"","meta":[],"product_brand":[160],"product_cat":[115,111],"product_tag":[314,313,310,312,311],"class_list":{"0":"post-5305","1":"product","2":"type-product","3":"status-publish","4":"has-post-thumbnail","6":"product_brand-subligrafik","7":"product_cat-sello-de-madera","8":"product_cat-sellos","9":"product_tag-sello-administrativo","10":"product_tag-sello-anulado","11":"product_tag-sello-madera","12":"product_tag-sello-manual","13":"product_tag-sello-oficina","14":"pa_tipos-de-sello-madera","16":"first","17":"instock","18":"taxable","19":"shipping-taxable","20":"purchasable","21":"product-type-simple"},"_links":{"self":[{"href":"https:\/\/gruposubligrafik.com\/index.php?rest_route=\/wp\/v2\/product\/5305","targetHints":{"allow":["GET"]}}],"collection":[{"href":"https:\/\/gruposubligrafik.com\/index.php?rest_route=\/wp\/v2\/product"}],"about":[{"href":"https:\/\/gruposubligrafik.com\/index.php?rest_route=\/wp\/v2\/types\/product"}],"replies":[{"embeddable":true,"href":"https:\/\/gruposubligrafik.com\/index.php?rest_route=%2Fwp%2Fv2%2Fcomments&post=5305"}],"version-history":[{"count":1,"href":"https:\/\/gruposubligrafik.com\/index.php?rest_route=\/wp\/v2\/product\/5305\/revisions"}],"predecessor-version":[{"id":5309,"href":"https:\/\/gruposubligrafik.com\/index.php?rest_route=\/wp\/v2\/product\/5305\/revisions\/5309"}],"wp:featuredmedia":[{"embeddable":true,"href":"https:\/\/gruposubligrafik.com\/index.php?rest_route=\/wp\/v2\/media\/5306"}],"wp:attachment":[{"href":"https:\/\/gruposubligrafik.com\/index.php?rest_route=%2Fwp%2Fv2%2Fmedia&parent=5305"}],"wp:term":[{"taxonomy":"product_brand","embeddable":true,"href":"https:\/\/gruposubligrafik.com\/index.php?rest_route=%2Fwp%2Fv2%2Fproduct_brand&post=5305"},{"taxonomy":"product_cat","embeddable":true,"href":"https:\/\/gruposubligrafik.com\/index.php?rest_route=%2Fwp%2Fv2%2Fproduct_cat&post=5305"},{"taxonomy":"product_tag","embeddable":true,"href":"https:\/\/gruposubligrafik.com\/index.php?rest_route=%2Fwp%2Fv2%2Fproduct_tag&post=5305"}],"curies":[{"name":"wp","href":"https:\/\/api.w.org\/{rel}","templated":true}]}}