{"id":5300,"date":"2026-03-24T19:39:38","date_gmt":"2026-03-24T18:39:38","guid":{"rendered":"https:\/\/gruposubligrafik.com\/?post_type=product&#038;p=5300"},"modified":"2026-03-27T17:29:04","modified_gmt":"2026-03-27T16:29:04","slug":"sello-de-madera-3x3-cm","status":"publish","type":"product","link":"https:\/\/gruposubligrafik.com\/?product=sello-de-madera-3x3-cm","title":{"rendered":"SELLO DE MADERA 3X3 CM"},"content":{"rendered":"<p>Sello de madera con estructura ligera que facilita su uso y transporte.<\/p>\n<p>Su dise\u00f1o permite un manejo r\u00e1pido sin perder estabilidad en la aplicaci\u00f3n.<\/p>\n<p>\u2714 Ligero<br \/>\n\u2714 Pr\u00e1ctico<br \/>\n\u2714 F\u00e1cil de usar<br \/>\n\u2714 Manejo \u00e1gil<\/p>\n<p>Ideal para tareas r\u00e1pidas y constantes. Redondo o Cuadrado.<\/p>\n","protected":false},"excerpt":{"rendered":"<p>Sello de madera ligero con dise\u00f1o pr\u00e1ctico y f\u00e1cil de manejar.<\/p>\n","protected":false},"featured_media":5301,"comment_status":"open","ping_status":"closed","template":"","meta":[],"product_brand":[160],"product_cat":[115,111],"product_tag":[317,314,316,310,312,311,318],"class_list":{"0":"post-5300","1":"product","2":"type-product","3":"status-publish","4":"has-post-thumbnail","6":"product_brand-subligrafik","7":"product_cat-sello-de-madera","8":"product_cat-sellos","9":"product_tag-compacto-y-facil-de-manejar","10":"product_tag-sello-administrativo","11":"product_tag-sello-de-madera-con-diseno-clasico","12":"product_tag-sello-madera","13":"product_tag-sello-manual","14":"product_tag-sello-oficina","15":"product_tag-sello-tradicional","16":"pa_tipos-de-sello-madera","18":"first","19":"instock","20":"taxable","21":"shipping-taxable","22":"purchasable","23":"product-type-simple"},"_links":{"self":[{"href":"https:\/\/gruposubligrafik.com\/index.php?rest_route=\/wp\/v2\/product\/5300","targetHints":{"allow":["GET"]}}],"collection":[{"href":"https:\/\/gruposubligrafik.com\/index.php?rest_route=\/wp\/v2\/product"}],"about":[{"href":"https:\/\/gruposubligrafik.com\/index.php?rest_route=\/wp\/v2\/types\/product"}],"replies":[{"embeddable":true,"href":"https:\/\/gruposubligrafik.com\/index.php?rest_route=%2Fwp%2Fv2%2Fcomments&post=5300"}],"version-history":[{"count":1,"href":"https:\/\/gruposubligrafik.com\/index.php?rest_route=\/wp\/v2\/product\/5300\/revisions"}],"predecessor-version":[{"id":5304,"href":"https:\/\/gruposubligrafik.com\/index.php?rest_route=\/wp\/v2\/product\/5300\/revisions\/5304"}],"wp:featuredmedia":[{"embeddable":true,"href":"https:\/\/gruposubligrafik.com\/index.php?rest_route=\/wp\/v2\/media\/5301"}],"wp:attachment":[{"href":"https:\/\/gruposubligrafik.com\/index.php?rest_route=%2Fwp%2Fv2%2Fmedia&parent=5300"}],"wp:term":[{"taxonomy":"product_brand","embeddable":true,"href":"https:\/\/gruposubligrafik.com\/index.php?rest_route=%2Fwp%2Fv2%2Fproduct_brand&post=5300"},{"taxonomy":"product_cat","embeddable":true,"href":"https:\/\/gruposubligrafik.com\/index.php?rest_route=%2Fwp%2Fv2%2Fproduct_cat&post=5300"},{"taxonomy":"product_tag","embeddable":true,"href":"https:\/\/gruposubligrafik.com\/index.php?rest_route=%2Fwp%2Fv2%2Fproduct_tag&post=5300"}],"curies":[{"name":"wp","href":"https:\/\/api.w.org\/{rel}","templated":true}]}}