{"id":5273,"date":"2026-03-23T23:07:32","date_gmt":"2026-03-23T22:07:32","guid":{"rendered":"https:\/\/gruposubligrafik.com\/?post_type=product&#038;p=5273"},"modified":"2026-03-27T17:29:57","modified_gmt":"2026-03-27T16:29:57","slug":"sello-de-madera-5x1-cm","status":"publish","type":"product","link":"https:\/\/gruposubligrafik.com\/?product=sello-de-madera-5x1-cm","title":{"rendered":"SELLO DE MADERA  5X1 CM"},"content":{"rendered":"<p>Sello de madera con hule personalizado de 5&#215;1 cent\u00edmetro. Su impresi\u00f3n es fuerte y legible, lo que permite identificar r\u00e1pidamente el estado de cualquier tipo de documento.<\/p>\n","protected":false},"excerpt":{"rendered":"<p>Sello de madera con texto personalizado para identificar documentos de forma clara.<\/p>\n","protected":false},"featured_media":5269,"comment_status":"open","ping_status":"closed","template":"","meta":[],"product_brand":[160],"product_cat":[115,111],"product_tag":[314,313,310,312,311],"class_list":{"0":"post-5273","1":"product","2":"type-product","3":"status-publish","4":"has-post-thumbnail","6":"product_brand-subligrafik","7":"product_cat-sello-de-madera","8":"product_cat-sellos","9":"product_tag-sello-administrativo","10":"product_tag-sello-anulado","11":"product_tag-sello-madera","12":"product_tag-sello-manual","13":"product_tag-sello-oficina","15":"first","16":"instock","17":"taxable","18":"shipping-taxable","19":"purchasable","20":"product-type-simple"},"_links":{"self":[{"href":"https:\/\/gruposubligrafik.com\/index.php?rest_route=\/wp\/v2\/product\/5273","targetHints":{"allow":["GET"]}}],"collection":[{"href":"https:\/\/gruposubligrafik.com\/index.php?rest_route=\/wp\/v2\/product"}],"about":[{"href":"https:\/\/gruposubligrafik.com\/index.php?rest_route=\/wp\/v2\/types\/product"}],"replies":[{"embeddable":true,"href":"https:\/\/gruposubligrafik.com\/index.php?rest_route=%2Fwp%2Fv2%2Fcomments&post=5273"}],"version-history":[{"count":2,"href":"https:\/\/gruposubligrafik.com\/index.php?rest_route=\/wp\/v2\/product\/5273\/revisions"}],"predecessor-version":[{"id":5275,"href":"https:\/\/gruposubligrafik.com\/index.php?rest_route=\/wp\/v2\/product\/5273\/revisions\/5275"}],"wp:featuredmedia":[{"embeddable":true,"href":"https:\/\/gruposubligrafik.com\/index.php?rest_route=\/wp\/v2\/media\/5269"}],"wp:attachment":[{"href":"https:\/\/gruposubligrafik.com\/index.php?rest_route=%2Fwp%2Fv2%2Fmedia&parent=5273"}],"wp:term":[{"taxonomy":"product_brand","embeddable":true,"href":"https:\/\/gruposubligrafik.com\/index.php?rest_route=%2Fwp%2Fv2%2Fproduct_brand&post=5273"},{"taxonomy":"product_cat","embeddable":true,"href":"https:\/\/gruposubligrafik.com\/index.php?rest_route=%2Fwp%2Fv2%2Fproduct_cat&post=5273"},{"taxonomy":"product_tag","embeddable":true,"href":"https:\/\/gruposubligrafik.com\/index.php?rest_route=%2Fwp%2Fv2%2Fproduct_tag&post=5273"}],"curies":[{"name":"wp","href":"https:\/\/api.w.org\/{rel}","templated":true}]}}