{"id":30,"date":"2017-06-20T11:39:44","date_gmt":"2017-06-20T11:39:44","guid":{"rendered":"https:\/\/gruposubligrafik.com\/?page_id=30"},"modified":"2026-04-13T21:24:28","modified_gmt":"2026-04-13T19:24:28","slug":"our-services","status":"publish","type":"page","link":"https:\/\/gruposubligrafik.com\/?page_id=30","title":{"rendered":"Servicios"},"content":{"rendered":"\t\t<div data-elementor-type=\"wp-page\" data-elementor-id=\"30\" class=\"elementor elementor-30\">\n\t\t\t\t\t\t<section class=\"elementor-section elementor-top-section elementor-element elementor-element-8f11beb elementor-section-boxed elementor-section-height-default elementor-section-height-default\" data-id=\"8f11beb\" data-element_type=\"section\">\n\t\t\t\t\t\t<div class=\"elementor-container elementor-column-gap-default\">\n\t\t\t\t\t<div class=\"elementor-column elementor-col-100 elementor-top-column elementor-element elementor-element-09d7cfe sc_layouts_column_icons_position_left\" data-id=\"09d7cfe\" data-element_type=\"column\">\n\t\t\t<div class=\"elementor-widget-wrap elementor-element-populated\">\n\t\t\t\t\t\t<div class=\"elementor-element elementor-element-1d4f4c1 e-transform elementor-invisible elementor-widget elementor-widget-trx_widget_slider\" data-id=\"1d4f4c1\" data-element_type=\"widget\" data-settings=\"{&quot;_animation&quot;:&quot;swing&quot;,&quot;_transform_rotateZ_effect&quot;:{&quot;unit&quot;:&quot;px&quot;,&quot;size&quot;:&quot;0&quot;,&quot;sizes&quot;:[]},&quot;_transform_rotate_3d&quot;:&quot;yes&quot;,&quot;_transform_rotateX_effect&quot;:{&quot;unit&quot;:&quot;px&quot;,&quot;size&quot;:&quot;0&quot;,&quot;sizes&quot;:[]},&quot;_transform_rotateZ_effect_tablet&quot;:{&quot;unit&quot;:&quot;deg&quot;,&quot;size&quot;:&quot;&quot;,&quot;sizes&quot;:[]},&quot;_transform_rotateZ_effect_mobile&quot;:{&quot;unit&quot;:&quot;deg&quot;,&quot;size&quot;:&quot;&quot;,&quot;sizes&quot;:[]},&quot;_transform_rotateX_effect_tablet&quot;:{&quot;unit&quot;:&quot;deg&quot;,&quot;size&quot;:&quot;&quot;,&quot;sizes&quot;:[]},&quot;_transform_rotateX_effect_mobile&quot;:{&quot;unit&quot;:&quot;deg&quot;,&quot;size&quot;:&quot;&quot;,&quot;sizes&quot;:[]},&quot;_transform_rotateY_effect&quot;:{&quot;unit&quot;:&quot;px&quot;,&quot;size&quot;:&quot;&quot;,&quot;sizes&quot;:[]},&quot;_transform_rotateY_effect_tablet&quot;:{&quot;unit&quot;:&quot;deg&quot;,&quot;size&quot;:&quot;&quot;,&quot;sizes&quot;:[]},&quot;_transform_rotateY_effect_mobile&quot;:{&quot;unit&quot;:&quot;deg&quot;,&quot;size&quot;:&quot;&quot;,&quot;sizes&quot;:[]},&quot;_transform_perspective_effect&quot;:{&quot;unit&quot;:&quot;px&quot;,&quot;size&quot;:&quot;&quot;,&quot;sizes&quot;:[]},&quot;_transform_perspective_effect_tablet&quot;:{&quot;unit&quot;:&quot;px&quot;,&quot;size&quot;:&quot;&quot;,&quot;sizes&quot;:[]},&quot;_transform_perspective_effect_mobile&quot;:{&quot;unit&quot;:&quot;px&quot;,&quot;size&quot;:&quot;&quot;,&quot;sizes&quot;:[]}}\" data-widget_type=\"trx_widget_slider.default\">\n\t\t\t\t<div class=\"elementor-widget-container\">\n\t\t\t\t\t<div id=\"trx_widget_slider_771245751\" class=\"widget_area sc_widget_slider vc_widget_slider wpb_content_element\"><aside id=\"trx_widget_slider_771245751_widget\" class=\"widget widget_slider\">            <div class=\"slider_wrap slider_engine_swiper\">\n                <div id=\"trx_widget_slider_771245751_outer\" class=\"slider_outer slider_swiper_outer slider_style_default slider_outer_direction_horizontal slider_outer_multi slider_outer_nopagination slider_outer_controls slider_outer_controls_side slider_outer_titles_bottom\"><div id=\"trx_widget_slider_771245751_swiper\" class=\"slider_container slider_swiper swiper-slider-container slider_controls slider_controls_side slider_titles_bottom slider_noresize slider_height_auto slider_direction_horizontal slider_nopagination slider_multi slider_type_images\" data-ratio=\"16:8\" data-interval=\"8000\" data-effect=\"coverflow\" data-pagination=\"bullets\" data-direction=\"horizontal\" data-slides-per-view=\"2\" data-slides-space=\"5\" style=\"height:281px;\"><div class=\"slider-wrapper swiper-wrapper\"><div  class=\"slider-slide swiper-slide\" data-image=\"https:\/\/gruposubligrafik.com\/wp-content\/uploads\/2025\/08\/sello-TLSI-11.jpg\" data-cats=\"&lt;a href=&quot;https:\/\/gruposubligrafik.com\/?cpt_services_group=servicios&quot; title=&quot;View all posts in Servicios&quot;&gt;Servicios&lt;\/a&gt;\" data-title=\"SELLOS DE HULE\" data-date=\"17 agosto, 2025\" style=\"\"><img decoding=\"async\" src=\"https:\/\/gruposubligrafik.com\/wp-content\/uploads\/2025\/08\/sello-TLSI-11.jpg\" alt=\"SELLOS DE HULE\"><div class=\"slide_overlay slide_overlay_large\"><\/div><div class=\"slide_info slide_info_large\"><h3 class=\"slide_title\"><a href=\"https:\/\/gruposubligrafik.com\/?cpt_services=sellos-de-hule\">SELLOS DE HULE<\/a><\/h3><div class=\"slide_cats\"><a href=\"https:\/\/gruposubligrafik.com\/?cpt_services_group=servicios\" title=\"View all posts in Servicios\">Servicios<\/a><\/div><\/div><\/div><div  class=\"slider-slide swiper-slide\" data-image=\"https:\/\/gruposubligrafik.com\/wp-content\/uploads\/2025\/08\/ChatGPT-Image-31-mar-2026-02_32_50-p.m.png\" data-cats=\"&lt;a href=&quot;https:\/\/gruposubligrafik.com\/?cpt_services_group=servicios&quot; title=&quot;View all posts in Servicios&quot;&gt;Servicios&lt;\/a&gt;\" data-title=\"PAPEL ANTIGRASA\" data-date=\"17 agosto, 2025\" style=\"\"><img decoding=\"async\" src=\"https:\/\/gruposubligrafik.com\/wp-content\/uploads\/2025\/08\/ChatGPT-Image-31-mar-2026-02_32_50-p.m.png\" alt=\"PAPEL ANTIGRASA\"><div class=\"slide_overlay slide_overlay_large\"><\/div><div class=\"slide_info slide_info_large\"><h3 class=\"slide_title\"><a href=\"https:\/\/gruposubligrafik.com\/?cpt_services=papel-antigrasa\">PAPEL ANTIGRASA<\/a><\/h3><div class=\"slide_cats\"><a href=\"https:\/\/gruposubligrafik.com\/?cpt_services_group=servicios\" title=\"View all posts in Servicios\">Servicios<\/a><\/div><\/div><\/div><div  class=\"slider-slide swiper-slide\" data-image=\"https:\/\/gruposubligrafik.com\/wp-content\/uploads\/2025\/08\/4736ee1e-729a-4d09-991f-f23e8be29acf-e1774991111740.png\" data-cats=\"&lt;a href=&quot;https:\/\/gruposubligrafik.com\/?cpt_services_group=servicios&quot; title=&quot;View all posts in Servicios&quot;&gt;Servicios&lt;\/a&gt;\" data-title=\"TARJETAS DE PRESENTACI\u00d3N\" data-date=\"17 agosto, 2025\" style=\"\"><img decoding=\"async\" src=\"https:\/\/gruposubligrafik.com\/wp-content\/uploads\/2025\/08\/4736ee1e-729a-4d09-991f-f23e8be29acf-e1774991111740.png\" alt=\"TARJETAS DE PRESENTACI\u00d3N\"><div class=\"slide_overlay slide_overlay_large\"><\/div><div class=\"slide_info slide_info_large\"><h3 class=\"slide_title\"><a href=\"https:\/\/gruposubligrafik.com\/?cpt_services=tarjetas-de-presentacion\">TARJETAS DE PRESENTACI\u00d3N<\/a><\/h3><div class=\"slide_cats\"><a href=\"https:\/\/gruposubligrafik.com\/?cpt_services_group=servicios\" title=\"View all posts in Servicios\">Servicios<\/a><\/div><\/div><\/div><div  class=\"slider-slide swiper-slide\" data-image=\"https:\/\/gruposubligrafik.com\/wp-content\/uploads\/2025\/08\/852963.png\" data-cats=\"&lt;a href=&quot;https:\/\/gruposubligrafik.com\/?cpt_services_group=servicios&quot; title=&quot;View all posts in Servicios&quot;&gt;Servicios&lt;\/a&gt;\" data-title=\"ART\u00cdCULOS PERSONALIZADOS\" data-date=\"17 agosto, 2025\" style=\"\"><img decoding=\"async\" src=\"https:\/\/gruposubligrafik.com\/wp-content\/uploads\/2025\/08\/852963.png\" alt=\"ART\u00cdCULOS PERSONALIZADOS\"><div class=\"slide_overlay slide_overlay_large\"><\/div><div class=\"slide_info slide_info_large\"><h3 class=\"slide_title\"><a href=\"https:\/\/gruposubligrafik.com\/?cpt_services=articulos-personalizados\">ART\u00cdCULOS PERSONALIZADOS<\/a><\/h3><div class=\"slide_cats\"><a href=\"https:\/\/gruposubligrafik.com\/?cpt_services_group=servicios\" title=\"View all posts in Servicios\">Servicios<\/a><\/div><\/div><\/div><div  class=\"slider-slide swiper-slide\" data-image=\"https:\/\/gruposubligrafik.com\/wp-content\/uploads\/2025\/08\/ChatGPT-Image-31-mar-2026-03_56_20-p.m-e1775501434569.png\" data-cats=\"&lt;a href=&quot;https:\/\/gruposubligrafik.com\/?cpt_services_group=servicios&quot; title=&quot;View all posts in Servicios&quot;&gt;Servicios&lt;\/a&gt;\" data-title=\"ENCUADERNACI\u00d3N FINA\" data-date=\"17 agosto, 2025\" style=\"\"><img decoding=\"async\" src=\"https:\/\/gruposubligrafik.com\/wp-content\/uploads\/2025\/08\/ChatGPT-Image-31-mar-2026-03_56_20-p.m-e1775501434569.png\" alt=\"ENCUADERNACI\u00d3N FINA\"><div class=\"slide_overlay slide_overlay_large\"><\/div><div class=\"slide_info slide_info_large\"><h3 class=\"slide_title\"><a href=\"https:\/\/gruposubligrafik.com\/?cpt_services=encuadernacion-fina\">ENCUADERNACI\u00d3N FINA<\/a><\/h3><div class=\"slide_cats\"><a href=\"https:\/\/gruposubligrafik.com\/?cpt_services_group=servicios\" title=\"View all posts in Servicios\">Servicios<\/a><\/div><\/div><\/div><\/div><!-- \/.slider-wrapper --><div class=\"slider_controls_wrap\"><a class=\"slider_prev swiper-button-prev\" href=\"#\"><\/a><a class=\"slider_next swiper-button-next\" href=\"#\"><\/a><\/div><\/div><!-- \/.slider_container --><\/div><!-- \/.slider_outer -->            <\/div>\n            <\/aside><\/div>\t\t\t\t<\/div>\n\t\t\t\t<\/div>\n\t\t\t\t\t<\/div>\n\t\t<\/div>\n\t\t\t\t\t<\/div>\n\t\t<\/section>\n\t\t\t\t<\/div>\n\t\t","protected":false},"excerpt":{"rendered":"<p>SELLOS DE HULE Servicios PAPEL ANTIGRASA Servicios TARJETAS DE PRESENTACI\u00d3N Servicios ART\u00cdCULOS PERSONALIZADOS Servicios ENCUADERNACI\u00d3N FINA Servicios<\/p>\n","protected":false},"author":1,"featured_media":0,"parent":0,"menu_order":0,"comment_status":"closed","ping_status":"closed","template":"","meta":{"footnotes":""},"class_list":["post-30","page","type-page","status-publish","hentry"],"_links":{"self":[{"href":"https:\/\/gruposubligrafik.com\/index.php?rest_route=\/wp\/v2\/pages\/30","targetHints":{"allow":["GET"]}}],"collection":[{"href":"https:\/\/gruposubligrafik.com\/index.php?rest_route=\/wp\/v2\/pages"}],"about":[{"href":"https:\/\/gruposubligrafik.com\/index.php?rest_route=\/wp\/v2\/types\/page"}],"author":[{"embeddable":true,"href":"https:\/\/gruposubligrafik.com\/index.php?rest_route=\/wp\/v2\/users\/1"}],"replies":[{"embeddable":true,"href":"https:\/\/gruposubligrafik.com\/index.php?rest_route=%2Fwp%2Fv2%2Fcomments&post=30"}],"version-history":[{"count":18,"href":"https:\/\/gruposubligrafik.com\/index.php?rest_route=\/wp\/v2\/pages\/30\/revisions"}],"predecessor-version":[{"id":5843,"href":"https:\/\/gruposubligrafik.com\/index.php?rest_route=\/wp\/v2\/pages\/30\/revisions\/5843"}],"wp:attachment":[{"href":"https:\/\/gruposubligrafik.com\/index.php?rest_route=%2Fwp%2Fv2%2Fmedia&parent=30"}],"curies":[{"name":"wp","href":"https:\/\/api.w.org\/{rel}","templated":true}]}}